{"id":7873,"date":"2019-04-11T12:52:41","date_gmt":"2019-04-11T10:52:41","guid":{"rendered":"https:\/\/www.spesenfuchs.de\/agb\/"},"modified":"2022-12-14T16:50:08","modified_gmt":"2022-12-14T15:50:08","slug":"agb","status":"publish","type":"page","link":"https:\/\/www.spesenfuchs.de\/en\/agb\/","title":{"rendered":"Allgemeine Gesch\u00e4ftsbedingungen"},"content":{"rendered":"<\/p>\n\n<style type=\"text\/css\" data-created_by=\"avia_inline_auto\" id=\"style-css-av-9qw1x4-c3b86e4ea6e647e2c9ca89d65e60ed6e\">\n.avia-section.av-9qw1x4-c3b86e4ea6e647e2c9ca89d65e60ed6e{\nbackground-repeat:no-repeat;\nbackground-image:url(https:\/\/www.spesenfuchs.de\/wp-content\/uploads\/2019\/12\/IMG_0290-1500x430.jpg);\nbackground-position:50% 0%;\nbackground-attachment:scroll;\n}\n.avia-section.av-9qw1x4-c3b86e4ea6e647e2c9ca89d65e60ed6e .av-section-color-overlay{\nopacity:0.6;\nbackground-color:#9e9e9e;\n}\n<\/style>\n<div id='av_section_1'  class='avia-section av-9qw1x4-c3b86e4ea6e647e2c9ca89d65e60ed6e main_color avia-section-large avia-no-shadow  avia-builder-el-0  el_before_av_heading  avia-builder-el-first  avia-full-stretch avia-bg-style-scroll av-section-color-overlay-active container_wrap sidebar_right'  data-section-bg-repeat='stretch'><div class=\"av-section-color-overlay-wrap\"><div class=\"av-section-color-overlay\"><\/div><div class='container av-section-cont-open' ><main  role=\"main\" itemprop=\"mainContentOfPage\"  class='template-page content  av-content-small alpha units'><div class='post-entry post-entry-type-page post-entry-7873'><div class='entry-content-wrapper clearfix'>\n\n<style type=\"text\/css\" data-created_by=\"avia_inline_auto\" id=\"style-css-av-k434jhal-b3e84d47dccddfea80a2f8ba8eaa5ea0\">\n#top .av-special-heading.av-k434jhal-b3e84d47dccddfea80a2f8ba8eaa5ea0{\npadding-bottom:0;\ncolor:#ffffff;\nfont-size:40px;\n}\nbody .av-special-heading.av-k434jhal-b3e84d47dccddfea80a2f8ba8eaa5ea0 .av-special-heading-tag .heading-char{\nfont-size:25px;\n}\n#top #wrap_all .av-special-heading.av-k434jhal-b3e84d47dccddfea80a2f8ba8eaa5ea0 .av-special-heading-tag{\nfont-size:40px;\n}\n.av-special-heading.av-k434jhal-b3e84d47dccddfea80a2f8ba8eaa5ea0 .special-heading-inner-border{\nborder-color:#ffffff;\n}\n.av-special-heading.av-k434jhal-b3e84d47dccddfea80a2f8ba8eaa5ea0 .av-subheading{\nfont-size:15px;\n}\n\n@media only screen and (min-width: 480px) and (max-width: 767px){ \n#top #wrap_all .av-special-heading.av-k434jhal-b3e84d47dccddfea80a2f8ba8eaa5ea0 .av-special-heading-tag{\nfont-size:0.8em;\n}\n}\n\n@media only screen and (max-width: 479px){ \n#top #wrap_all .av-special-heading.av-k434jhal-b3e84d47dccddfea80a2f8ba8eaa5ea0 .av-special-heading-tag{\nfont-size:0.8em;\n}\n}\n<\/style>\n<div  class='av-special-heading av-k434jhal-b3e84d47dccddfea80a2f8ba8eaa5ea0 av-special-heading-h1 custom-color-heading blockquote modern-quote  avia-builder-el-1  avia-builder-el-no-sibling  av-inherit-size'><h1 class='av-special-heading-tag '  itemprop=\"headline\"  >AGB<\/h1><div class=\"special-heading-border\"><div class=\"special-heading-inner-border\"><\/div><\/div><\/div>\n<\/div><\/div><\/main><!-- close content main element --><\/div><\/div><\/div><div id='after_section_1'  class='main_color av_default_container_wrap container_wrap sidebar_right'  ><div class='container av-section-cont-open' ><div class='template-page content  av-content-small alpha units'><div class='post-entry post-entry-type-page post-entry-7873'><div class='entry-content-wrapper clearfix'>\n\n<style type=\"text\/css\" data-created_by=\"avia_inline_auto\" id=\"style-css-av-1z7q8q-ed74ab5b0542790348653886dfa2df92\">\n#top .av-special-heading.av-1z7q8q-ed74ab5b0542790348653886dfa2df92{\npadding-bottom:10px;\n}\nbody .av-special-heading.av-1z7q8q-ed74ab5b0542790348653886dfa2df92 .av-special-heading-tag .heading-char{\nfont-size:25px;\n}\n.av-special-heading.av-1z7q8q-ed74ab5b0542790348653886dfa2df92 .av-subheading{\nfont-size:15px;\n}\n<\/style>\n<div  class='av-special-heading av-1z7q8q-ed74ab5b0542790348653886dfa2df92 av-special-heading-h3 blockquote modern-quote  avia-builder-el-2  el_after_av_section  el_before_av_textblock  avia-builder-el-first '><h3 class='av-special-heading-tag '  itemprop=\"headline\"  >Allgemeine Gesch\u00e4ftsbedingungen<\/h3><div class=\"special-heading-border\"><div class=\"special-heading-inner-border\"><\/div><\/div><\/div>\n<section  class='av_textblock_section av-jucnrxm8-183675348f07da12fb16e1c20d62cea0 '   itemscope=\"itemscope\" itemtype=\"https:\/\/schema.org\/CreativeWork\" ><div class='avia_textblock'  itemprop=\"text\" ><p style=\"text-align: right;\">G\u00fcltig ab 21.06.2021<\/p>\n<p>\u00a7 1 Vertragsgegenstand<\/p>\n<p>(1) Diese Vertragsbedingungen gelten f\u00fcr die Nutzung der Software gem\u00e4\u00df der aktuellen Produktbeschreibung durch den Kunden.<\/p>\n<p>(2) Die Software wird vom Anbieter als webbasierte SaaS- bzw. Cloud-L\u00f6sung betrieben. Dem Kunden wird erm\u00f6glicht, die auf den Servern des Anbieters bzw. eines vom Anbieter beauftragten Dienstleisters gespeicherte und ablaufende Software \u00fcber eine Internetverbindung w\u00e4hrend der Laufzeit dieses Vertrags f\u00fcr eigene Zwecke zu nutzen und seine Daten mit ihrer Hilfe zu speichern und zu verarbeiten.<\/p>\n<p>(3) Diese Vertragsbedingungen gelten ausschlie\u00dflich. Vertragsbedingungen des Kunden finden keine Anwendung. Gegenbest\u00e4tigungen des Kunden unter Hinweis auf seine eigenen Gesch\u00e4ftsbedingungen wird ausdr\u00fccklich widersprochen.<\/p>\n<p>\u00a7 2 Registrierung, Zustandekommen des Nutzungsvertrags<\/p>\n<p>(1) Indem sich der Kunde auf der Webseite app.spesenfuchs.de mit seiner E-Mail und einem Passwort registriert, legt er zun\u00e4chst ein kostenfreies Testkonto an. Wird das Testkonto nicht innerhalb von 30 Tagen in einen kostenpflichtigen Account \u00fcberf\u00fchrt, ist die Spesenfuchs GmbH berechtigt, das Nutzerkonto mit allen vorhandenen Daten zu l\u00f6schen.<\/p>\n<p>(2) Bevor der Kunde zum ersten Mal ein kostenpflichtiges Angebot von Spesenfuchs nutzt, wird er gebeten, seinen vollst\u00e4ndigen Namen\/Firmennamen und seine Anschrift anzugeben.<\/p>\n<p>(3) Der Kunde gew\u00e4hrleistet, dass alle von ihm \u00fcbermittelten Daten zu seiner Person bzw. zu seinem Unternehmen korrekt sind. Die Nutzung von Pseudonymen ist nicht zul\u00e4ssig.<\/p>\n<p>(4) Durch Auswahl eines Tarifs und das Absenden der Daten unterbreitet der Kunde uns ein Angebot zum Abschluss eines Vertrages auf der Grundlage dieser AGB. Der Vertrag kommt durch die Freischaltung eines Tarifs durch die Spesenfuchs GmbH zustande.<\/p>\n<p>\u00a7 3 Art und Umfang der Leistung<\/p>\n<p>(1) Der Anbieter stellt dem Kunden die Software in ihrer jeweils aktuellsten Version am Routerausgang des Rechenzentrums, in dem der Server mit der Software steht (&#8220;\u00dcbergabepunkt&#8221;), zur Nutzung bereit. Die Software, die f\u00fcr die Nutzung erforderliche Rechenleistung und der erforderliche Speicher- und Datenverarbeitungsplatz werden vom Anbieter bereitgestellt. Der Anbieter schuldet jedoch nicht die Herstellung und Aufrechterhaltung der Datenverbindung zwischen den IT-Systemen des Kunden und dem beschriebenen \u00dcbergabepunkt.<\/p>\n<p>(2) Soweit die Software ausschlie\u00dflich auf den Servern des Anbieters oder eines von diesem beauftragten Dienstleisters abl\u00e4uft, bedarf der Kunde keiner urheberrechtlichen Nutzungsrechte an der Software, und der Anbieter r\u00e4umt auch keine solchen Rechte ein. Der Anbieter r\u00e4umt dem Kunden aber f\u00fcr die Laufzeit des Vertrags das nicht-ausschlie\u00dfliche, nicht \u00fcbertragbare und zeitlich auf die Dauer des Nutzungsvertrags beschr\u00e4nkte Recht ein, die Benutzeroberfl\u00e4che der Software zur Anzeige auf dem Bildschirm in den Arbeitsspeicher der vertragsgem\u00e4\u00df hierf\u00fcr verwendeten Endger\u00e4te zu laden und die dabei entstehenden Vervielf\u00e4ltigungen der Benutzeroberfl\u00e4che vorzunehmen.<\/p>\n<p>\u00a7 4 Verf\u00fcgbarkeit der Software<\/p>\n<p>(1) Der Anbieter weist den Kunden darauf hin, dass Einschr\u00e4nkungen oder Beeintr\u00e4chtigungen der erbrachten Dienste entstehen k\u00f6nnen, die au\u00dferhalb des Einflussbereichs des Anbieters liegen. Hierunter fallen insbesondere Handlungen von Dritten, die nicht im Auftrag des Anbieters handeln, vom Anbieter nicht beeinflussbare technische Bedingungen des Internets sowie h\u00f6here Gewalt. Auch die vom Kunden genutzte Hard- und Software und technische Infrastruktur kann Einfluss auf die Leistungen des Anbieters haben. Soweit derartige Umst\u00e4nde Einfluss auf die Verf\u00fcgbarkeit oder Funktionalit\u00e4t der vom Anbieter erbrachten Leistung haben, hat dies keine Auswirkung auf die Vertragsgem\u00e4\u00dfheit der erbrachten Leistungen.<\/p>\n<p>(2) Der Kunde ist verpflichtet, Funktionsausf\u00e4lle, -st\u00f6rungen oder -beeintr\u00e4chtigungen der Software unverz\u00fcglich und so pr\u00e4zise wie m\u00f6glich beim Anbieter anzuzeigen. Unterl\u00e4sst der Kunde diese Mitwirkung, gilt \u00a7 536c BGB entsprechend.<\/p>\n<p>\u00a7 5 Rechte zur Datenverarbeitung, Datensicherung<\/p>\n<p>(1) Der Anbieter h\u00e4lt sich an die gesetzlichen Datenschutzbestimmungen.<\/p>\n<p>(2) Der Kunde r\u00e4umt dem Anbieter f\u00fcr die Zwecke der Vertragsdurchf\u00fchrung das Recht ein, die vom Anbieter f\u00fcr den Kunden zu speichernden Daten vervielf\u00e4ltigen zu d\u00fcrfen, soweit dies zur Erbringung der nach diesem Vertrag geschuldeten Leistungen erforderlich ist. Der Anbieter ist auch berechtigt, die Daten in einem Ausfallsystem bzw. separaten Ausfallrechenzentrum vorzuhalten. Zur Beseitigung von St\u00f6rungen ist der Anbieter ferner berechtigt, \u00c4nderungen an der Struktur der Daten oder dem Datenformat vorzunehmen.<\/p>\n<p>(3) Der Anbieter sichert die Daten des Kunden auf dem vom Anbieter verantworteten Server regelm\u00e4\u00dfig auf einem externen Backup-Server.<\/p>\n<p>\u00a7 6 Support<\/p>\n<p>(1) Ein Supportfall liegt vor, wenn die Software die vertragsgem\u00e4\u00dfen Funktionen gem\u00e4\u00df der Produktbeschreibung nicht erf\u00fcllt.<\/p>\n<p>(2) Meldet der Kunde einen Supportfall, so hat er eine m\u00f6glichst detaillierte Beschreibung der jeweiligen Funktionsst\u00f6rung zu liefern, um eine m\u00f6glichst effiziente Fehlerbeseitigung zu erm\u00f6glichen.<\/p>\n<p>(3) Die Meldung erfolgt per E-Mail.<\/p>\n<p>\u00a7 7 Mitwirkungspflichten des Kunden<\/p>\n<p>(1) Der Kunde wird den Anbieter bei der Erbringung der vertraglichen Leistungen in angemessenem Umfang unterst\u00fctzen.<\/p>\n<p>(2) Die ordnungsgem\u00e4\u00dfe und regelm\u00e4\u00dfige Sicherung seiner Daten obliegt dem Kunden. Das gilt auch f\u00fcr dem Anbieter im Zuge der Vertragsabwicklung \u00fcberlassene Unterlagen.<\/p>\n<p>(3) F\u00fcr die Nutzung der Software m\u00fcssen die sich aus der Produktbeschreibung ergebenden Systemvoraussetzungen beim Kunden erf\u00fcllt sein. Der Kunde tr\u00e4gt hierf\u00fcr selbst die Verantwortung.<\/p>\n<p>(4) Soweit der Kunde dem Anbieter gesch\u00fctzte Inhalte \u00fcberl\u00e4sst (z.B. Grafiken, Marken und sonstige urheber- oder markenrechtlich gesch\u00fctzte Inhalte), r\u00e4umt er dem Anbieter s\u00e4mtliche f\u00fcr die Durchf\u00fchrung der vertraglichen Vereinbarung erforderlichen Rechte ein.<\/p>\n<p>(5) Der Kunde hat die ihm zur Verf\u00fcgung gestellten Zugangsdaten geheim zu halten und daf\u00fcr zu sorgen, dass etwaige Mitarbeiter, denen Zugangsdaten zur Verf\u00fcgung gestellt werden, dies ebenfalls tun. Die Leistung des Anbieters darf Dritten nicht zur Verf\u00fcgung gestellt werden, soweit das nicht von den Parteien ausdr\u00fccklich vereinbart wurde.<\/p>\n<p>\u00a7 8 Gew\u00e4hrleistung<\/p>\n<p>Es gelten grunds\u00e4tzlich die gesetzlichen Regelungen zur Gew\u00e4hrleistung in Mietvertr\u00e4gen. Die \u00a7\u00a7 536b BGB (Kenntnis des Mieters vom Mangel bei Vertragsschluss oder Annahme), 536c BGB (W\u00e4hrend der Mietzeit auftretende M\u00e4ngel; M\u00e4ngelanzeige durch den Mieter) finden Anwendung. Die Anwendung des \u00a7 536a Abs. 2 BGB (Selbstbeseitigungsrecht des Mieters) ist jedoch ausgeschlossen. Ausgeschlossen ist auch die Anwendung von \u00a7 536a Abs. 1 BGB (Schadensersatzpflicht des Vermieters), soweit die Norm eine verschuldensunabh\u00e4ngige Haftung vorsieht.<\/p>\n<p>\u00a7 9 Haftung und Schadensersatz<\/p>\n<p>(1) Resultieren Sch\u00e4den des Kunden aus dem Verlust von Daten, so haftet der Anbieter hierf\u00fcr nicht, soweit die Sch\u00e4den durch eine regelm\u00e4\u00dfige und vollst\u00e4ndige Sicherung aller relevanten Daten durch den Kunden vermieden worden w\u00e4ren. Der Kunde wird eine regelm\u00e4\u00dfige und vollst\u00e4ndige Datensicherung selbst oder durch einen Dritten durchf\u00fchren bzw. durchf\u00fchren lassen und ist hierf\u00fcr allein verantwortlich.<\/p>\n<p>\u00a7 10 Kundendaten und Freistellung von Anspr\u00fcchen Dritter<\/p>\n<p>(1) Der Anbieter speichert als technischer Dienstleister Inhalte und Daten f\u00fcr den Kunden, die dieser bei der Nutzung der Software eingibt und speichert und zum Abruf bereitstellt. Der Kunde verpflichtet sich gegen\u00fcber dem Anbieter, keine strafbaren oder sonst absolut oder im Verh\u00e4ltnis zu einzelnen Dritten rechtswidrigen Inhalte und Daten einzustellen und keine Viren oder sonstige Schadsoftware enthaltenden Programme im Zusammenhang mit der Software zu nutzen. Insbesondere verpflichtet er sich, die Software nicht zum Angebot rechtswidriger Dienstleistungen oder Waren zu nutzen. Der Kunde ist im Hinblick auf personenbezogene Daten von sich und seinen Nutzern verantwortliche Stelle und hat daher stets zu pr\u00fcfen, ob die Verarbeitung solcher Daten \u00fcber die Nutzung der Software von entsprechenden Erlaubnistatbest\u00e4nden getragen ist.<\/p>\n<p>(2) Der Kunde ist f\u00fcr s\u00e4mtliche von ihm oder seinen Nutzern verwendeten Inhalte und verarbeiteten Daten sowie die hierf\u00fcr etwa erforderlichen Rechtspositionen allein verantwortlich. Der Anbieter nimmt von Inhalten des Kunden oder seiner Nutzer keine Kenntnis und pr\u00fcft die mit der Software genutzten Inhalte grunds\u00e4tzlich nicht.<\/p>\n<p>(3) Der Kunde verpflichtet sich in diesem Zusammenhang, den Anbieter von jeder Haftung und jeglichen Kosten, einschlie\u00dflich m\u00f6glicher und tats\u00e4chlicher Kosten eines gerichtlichen Verfahrens, freizustellen, falls der Anbieter von Dritten, auch von Mitarbeitern des Kunden pers\u00f6nlich, infolge von behaupteten Handlungen oder Unterlassungen des Kunden in Anspruch genommen wird. Der Anbieter wird den Kunden \u00fcber die Inanspruchnahme unterrichten und ihm, soweit dies rechtlich m\u00f6glich ist, Gelegenheit zur Abwehr des geltend gemachten Anspruchs geben. Gleichzeitig wird der Kunde dem Anbieter unverz\u00fcglich alle ihm verf\u00fcgbaren Informationen \u00fcber den Sachverhalt, der Gegenstand der Inanspruchnahme ist, vollst\u00e4ndig mitteilen.<\/p>\n<p>(4) Dar\u00fcber hinausgehende Schadensersatzanspr\u00fcche des Anbieters bleiben unber\u00fchrt.<\/p>\n<p>\u00a7 11 Vertraulichkeit<\/p>\n<p>(1) Die Parteien sind verpflichtet, alle ihnen im Zusammenhang mit diesem Vertrag bekannt gewordenen oder bekannt werdenden Informationen \u00fcber die jeweils andere Partei, die als vertraulich gekennzeichnet werden oder anhand sonstiger Umst\u00e4nde als Gesch\u00e4fts- und Betriebsgeheimnisse (im Folgenden: &#8220;vertrauliche Informationen&#8221;) erkennbar sind, dauerhaft geheim zu halten, nicht an Dritte weiterzugeben, aufzuzeichnen oder in anderer Weise zu verwerten, sofern die jeweils andere Partei der Offenlegung oder Verwendung nicht ausdr\u00fccklich und schriftlich zugestimmt hat oder die Informationen aufgrund Gesetzes, Gerichtsentscheidung oder einer Verwaltungsentscheidung offengelegt werden m\u00fcssen.<\/p>\n<p>(2) Die Informationen sind dann keine vertraulichen Informationen im Sinne dieser Ziffer 13, wenn sie<\/p>\n<p>&#x25aa; der anderen Partei bereits zuvor bekannt waren, ohne dass die Informationen einer Vertraulichkeitsverpflichtung unterlegen h\u00e4tten,<\/p>\n<p>&#x25aa; allgemein bekannt sind oder ohne Verletzung der \u00fcbernommenen Vertraulichkeitsverpflichtungen bekannt werden,<\/p>\n<p>&#x25aa; der anderen Partei ohne Verletzung einer Vertraulichkeitsverpflichtung von einem Dritten offenbart werden.(3) Die Verpflichtungen nach dieser Ziffer 13 \u00fcberdauern das Ende dieser Vereinbarung.<\/p>\n<p>\u00a7 12 \u00dcbertragung der Rechte und Pflichten<\/p>\n<p>Die Abtretung der Rechte und Pflichten aus diesem Vertrag ist nur mit vorheriger schriftlicher Zustimmung des Anbieters zul\u00e4ssig. Der Anbieter ist berechtigt, Dritte mit der Erf\u00fcllung der Pflichten aus diesem Vertrag zu betrauen.<\/p>\n<p>\u00a7 13 \u00c4nderung der Gesch\u00e4ftsbedingungen und des Vertrags im \u00dcbrigen<\/p>\n<p>Der Anbieter beh\u00e4lt sich die \u00c4nderung dieser Allgemeinen Gesch\u00e4ftsbedingungen vor. Bei \u00c4nderung wird der Kunde hier\u00fcber elektronisch informiert. Die ge\u00e4nderte Version der Allgemeinen Gesch\u00e4ftsbedingungen wird Vertragsbestandteil, wenn der Kunde nicht innerhalb von vier Wochen elektronisch oder schriftlich widerspricht.<\/p>\n<p>\u00a7 14 Geltendes Recht und Gerichtsstand<\/p>\n<p>Es gilt das Recht der Bundesrepublik Deutschland. Die Anwendung des UN-Kaufrechts ist ausgeschlossen. Ist der Kunde Kaufmann, eine juristische Person des \u00f6ffentlichen Rechts oder ein \u00f6ffentlich-rechtliches Sonderverm\u00f6gen, so ist ausschlie\u00dflicher Gerichtsstand Breisach am Rhein.<\/p>\n<p>\u00a7 15 Salvatorische Klausel<\/p>\n<p>Sollte eine Bestimmung des Vertrages unwirksam sein oder werden oder der Vertrag unvollst\u00e4ndig sein, so bleibt die Rechtswirksamkeit der \u00fcbrigen Bestimmungen hiervon unber\u00fchrt. Die unwirksame Bestimmung gilt durch eine solche Bestimmung ersetzt, die dem Sinn und Zweck der unwirksamen Bestimmung in rechtswirksamer Weise wirtschaftlich am n\u00e4chsten kommt. Gleiches gilt f\u00fcr etwaige Vertragsl\u00fccken.<\/p>\n<\/div><\/section>\n<div  class='hr av-2ae19m-4cdc36ad29bfb8b9fd4ab84da224a292 hr-default  avia-builder-el-4  el_after_av_textblock  el_before_av_textblock '><span class='hr-inner '><span class=\"hr-inner-style\"><\/span><\/span><\/div>\n<section  class='av_textblock_section av-krkdc1ga-dffbdd55adcbc8ed6f1bf43245df459a '   itemscope=\"itemscope\" itemtype=\"https:\/\/schema.org\/CreativeWork\" ><div class='avia_textblock'  itemprop=\"text\" ><h3>AGB Archiv<\/h3>\n<p><a href=\"https:\/\/www.spesenfuchs.de\/allgemeine-geschaeftsbedingungen-gueltig-bis-20-06-21\/\">AGB bis 20.06.21<\/a><\/p>\n<\/div><\/section>\n","protected":false},"excerpt":{"rendered":"","protected":false},"author":1,"featured_media":0,"parent":0,"menu_order":0,"comment_status":"closed","ping_status":"closed","template":"","meta":{"footnotes":""},"class_list":["post-7873","page","type-page","status-publish","hentry"],"yoast_head":"<!-- This site is optimized with the Yoast SEO plugin v27.4 - https:\/\/yoast.com\/product\/yoast-seo-wordpress\/ -->\n<title>Allgemeine Gesch\u00e4ftsbedingungen - Spesenfuchs<\/title>\n<meta name=\"description\" content=\"Die allgemeinen Gesch\u00e4ftsbedingungen der Spesenfuchs GmbH\" \/>\n<meta name=\"robots\" content=\"index, follow, max-snippet:-1, max-image-preview:large, max-video-preview:-1\" \/>\n<link rel=\"canonical\" href=\"https:\/\/www.spesenfuchs.de\/en\/agb\/\" \/>\n<meta property=\"og:locale\" content=\"en_US\" \/>\n<meta property=\"og:type\" content=\"article\" \/>\n<meta property=\"og:title\" content=\"Allgemeine Gesch\u00e4ftsbedingungen - Spesenfuchs\" \/>\n<meta property=\"og:description\" content=\"Die allgemeinen Gesch\u00e4ftsbedingungen der Spesenfuchs GmbH\" \/>\n<meta property=\"og:url\" content=\"https:\/\/www.spesenfuchs.de\/en\/agb\/\" \/>\n<meta property=\"og:site_name\" content=\"Spesenfuchs\" \/>\n<meta property=\"article:modified_time\" content=\"2022-12-14T15:50:08+00:00\" \/>\n<meta name=\"twitter:card\" content=\"summary_large_image\" \/>\n<meta name=\"twitter:label1\" content=\"Est. reading time\" \/>\n\t<meta name=\"twitter:data1\" content=\"10 minutes\" \/>\n<script type=\"application\/ld+json\" class=\"yoast-schema-graph\">{\"@context\":\"https:\\\/\\\/schema.org\",\"@graph\":[{\"@type\":\"WebPage\",\"@id\":\"https:\\\/\\\/www.spesenfuchs.de\\\/en\\\/agb\\\/\",\"url\":\"https:\\\/\\\/www.spesenfuchs.de\\\/en\\\/agb\\\/\",\"name\":\"Allgemeine Gesch\u00e4ftsbedingungen - Spesenfuchs\",\"isPartOf\":{\"@id\":\"https:\\\/\\\/www.spesenfuchs.de\\\/en\\\/#website\"},\"datePublished\":\"2019-04-11T10:52:41+00:00\",\"dateModified\":\"2022-12-14T15:50:08+00:00\",\"description\":\"Die allgemeinen Gesch\u00e4ftsbedingungen der Spesenfuchs GmbH\",\"breadcrumb\":{\"@id\":\"https:\\\/\\\/www.spesenfuchs.de\\\/en\\\/agb\\\/#breadcrumb\"},\"inLanguage\":\"en-US\",\"potentialAction\":[{\"@type\":\"ReadAction\",\"target\":[\"https:\\\/\\\/www.spesenfuchs.de\\\/en\\\/agb\\\/\"]}]},{\"@type\":\"BreadcrumbList\",\"@id\":\"https:\\\/\\\/www.spesenfuchs.de\\\/en\\\/agb\\\/#breadcrumb\",\"itemListElement\":[{\"@type\":\"ListItem\",\"position\":1,\"name\":\"Startseite\",\"item\":\"https:\\\/\\\/www.spesenfuchs.de\\\/en\\\/\"},{\"@type\":\"ListItem\",\"position\":2,\"name\":\"Allgemeine Gesch\u00e4ftsbedingungen\"}]},{\"@type\":\"WebSite\",\"@id\":\"https:\\\/\\\/www.spesenfuchs.de\\\/en\\\/#website\",\"url\":\"https:\\\/\\\/www.spesenfuchs.de\\\/en\\\/\",\"name\":\"Spesenfuchs\",\"description\":\"Reisekosten und Ausgaben online abrechnen\",\"publisher\":{\"@id\":\"https:\\\/\\\/www.spesenfuchs.de\\\/en\\\/#organization\"},\"potentialAction\":[{\"@type\":\"SearchAction\",\"target\":{\"@type\":\"EntryPoint\",\"urlTemplate\":\"https:\\\/\\\/www.spesenfuchs.de\\\/en\\\/?s={search_term_string}\"},\"query-input\":{\"@type\":\"PropertyValueSpecification\",\"valueRequired\":true,\"valueName\":\"search_term_string\"}}],\"inLanguage\":\"en-US\"},{\"@type\":\"Organization\",\"@id\":\"https:\\\/\\\/www.spesenfuchs.de\\\/en\\\/#organization\",\"name\":\"Spesenfuchs GmbH\",\"url\":\"https:\\\/\\\/www.spesenfuchs.de\\\/en\\\/\",\"logo\":{\"@type\":\"ImageObject\",\"inLanguage\":\"en-US\",\"@id\":\"https:\\\/\\\/www.spesenfuchs.de\\\/en\\\/#\\\/schema\\\/logo\\\/image\\\/\",\"url\":\"https:\\\/\\\/www.spesenfuchs.de\\\/wp-content\\\/uploads\\\/2019\\\/04\\\/Logo-scroll2x_neu-1.png\",\"contentUrl\":\"https:\\\/\\\/www.spesenfuchs.de\\\/wp-content\\\/uploads\\\/2019\\\/04\\\/Logo-scroll2x_neu-1.png\",\"width\":340,\"height\":156,\"caption\":\"Spesenfuchs GmbH\"},\"image\":{\"@id\":\"https:\\\/\\\/www.spesenfuchs.de\\\/en\\\/#\\\/schema\\\/logo\\\/image\\\/\"}}]}<\/script>\n<!-- \/ Yoast SEO plugin. -->","yoast_head_json":{"title":"Allgemeine Gesch\u00e4ftsbedingungen - Spesenfuchs","description":"Die allgemeinen Gesch\u00e4ftsbedingungen der Spesenfuchs GmbH","robots":{"index":"index","follow":"follow","max-snippet":"max-snippet:-1","max-image-preview":"max-image-preview:large","max-video-preview":"max-video-preview:-1"},"canonical":"https:\/\/www.spesenfuchs.de\/en\/agb\/","og_locale":"en_US","og_type":"article","og_title":"Allgemeine Gesch\u00e4ftsbedingungen - Spesenfuchs","og_description":"Die allgemeinen Gesch\u00e4ftsbedingungen der Spesenfuchs GmbH","og_url":"https:\/\/www.spesenfuchs.de\/en\/agb\/","og_site_name":"Spesenfuchs","article_modified_time":"2022-12-14T15:50:08+00:00","twitter_card":"summary_large_image","twitter_misc":{"Est. reading time":"10 minutes"},"schema":{"@context":"https:\/\/schema.org","@graph":[{"@type":"WebPage","@id":"https:\/\/www.spesenfuchs.de\/en\/agb\/","url":"https:\/\/www.spesenfuchs.de\/en\/agb\/","name":"Allgemeine Gesch\u00e4ftsbedingungen - Spesenfuchs","isPartOf":{"@id":"https:\/\/www.spesenfuchs.de\/en\/#website"},"datePublished":"2019-04-11T10:52:41+00:00","dateModified":"2022-12-14T15:50:08+00:00","description":"Die allgemeinen Gesch\u00e4ftsbedingungen der Spesenfuchs GmbH","breadcrumb":{"@id":"https:\/\/www.spesenfuchs.de\/en\/agb\/#breadcrumb"},"inLanguage":"en-US","potentialAction":[{"@type":"ReadAction","target":["https:\/\/www.spesenfuchs.de\/en\/agb\/"]}]},{"@type":"BreadcrumbList","@id":"https:\/\/www.spesenfuchs.de\/en\/agb\/#breadcrumb","itemListElement":[{"@type":"ListItem","position":1,"name":"Startseite","item":"https:\/\/www.spesenfuchs.de\/en\/"},{"@type":"ListItem","position":2,"name":"Allgemeine Gesch\u00e4ftsbedingungen"}]},{"@type":"WebSite","@id":"https:\/\/www.spesenfuchs.de\/en\/#website","url":"https:\/\/www.spesenfuchs.de\/en\/","name":"Spesenfuchs","description":"Reisekosten und Ausgaben online abrechnen","publisher":{"@id":"https:\/\/www.spesenfuchs.de\/en\/#organization"},"potentialAction":[{"@type":"SearchAction","target":{"@type":"EntryPoint","urlTemplate":"https:\/\/www.spesenfuchs.de\/en\/?s={search_term_string}"},"query-input":{"@type":"PropertyValueSpecification","valueRequired":true,"valueName":"search_term_string"}}],"inLanguage":"en-US"},{"@type":"Organization","@id":"https:\/\/www.spesenfuchs.de\/en\/#organization","name":"Spesenfuchs GmbH","url":"https:\/\/www.spesenfuchs.de\/en\/","logo":{"@type":"ImageObject","inLanguage":"en-US","@id":"https:\/\/www.spesenfuchs.de\/en\/#\/schema\/logo\/image\/","url":"https:\/\/www.spesenfuchs.de\/wp-content\/uploads\/2019\/04\/Logo-scroll2x_neu-1.png","contentUrl":"https:\/\/www.spesenfuchs.de\/wp-content\/uploads\/2019\/04\/Logo-scroll2x_neu-1.png","width":340,"height":156,"caption":"Spesenfuchs GmbH"},"image":{"@id":"https:\/\/www.spesenfuchs.de\/en\/#\/schema\/logo\/image\/"}}]}},"_links":{"self":[{"href":"https:\/\/www.spesenfuchs.de\/en\/wp-json\/wp\/v2\/pages\/7873","targetHints":{"allow":["GET"]}}],"collection":[{"href":"https:\/\/www.spesenfuchs.de\/en\/wp-json\/wp\/v2\/pages"}],"about":[{"href":"https:\/\/www.spesenfuchs.de\/en\/wp-json\/wp\/v2\/types\/page"}],"author":[{"embeddable":true,"href":"https:\/\/www.spesenfuchs.de\/en\/wp-json\/wp\/v2\/users\/1"}],"replies":[{"embeddable":true,"href":"https:\/\/www.spesenfuchs.de\/en\/wp-json\/wp\/v2\/comments?post=7873"}],"version-history":[{"count":6,"href":"https:\/\/www.spesenfuchs.de\/en\/wp-json\/wp\/v2\/pages\/7873\/revisions"}],"predecessor-version":[{"id":8303,"href":"https:\/\/www.spesenfuchs.de\/en\/wp-json\/wp\/v2\/pages\/7873\/revisions\/8303"}],"wp:attachment":[{"href":"https:\/\/www.spesenfuchs.de\/en\/wp-json\/wp\/v2\/media?parent=7873"}],"curies":[{"name":"wp","href":"https:\/\/api.w.org\/{rel}","templated":true}]}}